{"id":77,"date":"2024-01-19T18:58:05","date_gmt":"2024-01-19T17:58:05","guid":{"rendered":"https:\/\/exp.anythingexpat.com\/?page_id=77"},"modified":"2024-09-01T21:46:58","modified_gmt":"2024-09-01T20:46:58","slug":"about-us","status":"publish","type":"page","link":"https:\/\/exp.anythingexpat.com\/de\/about-us\/","title":{"rendered":"Willkommen bei AnythingExpat"},"content":{"rendered":"<div class=\"wp-block-group is-nowrap is-layout-flex wp-container-core-group-is-layout-f483238e wp-block-group-is-layout-flex\" style=\"padding-top:var(--wp--preset--spacing--20);padding-right:var(--wp--preset--spacing--20);padding-bottom:var(--wp--preset--spacing--20);padding-left:var(--wp--preset--spacing--20)\">\n<hr class=\"wp-block-separator has-text-color has-custom-color-1-color has-alpha-channel-opacity has-custom-color-1-background-color has-background wp-container-content-c0740251\" style=\"margin-top:0;margin-bottom:0\"\/>\n\n\n\n<p class=\"has-custom-color-1-color has-text-color has-normal-font-size\" style=\"font-style:normal;font-weight:500;letter-spacing:3px;text-transform:uppercase\">Unsere Geschichte<\/p>\n<\/div>\n\n\n\n<p style=\"margin-top:0;margin-bottom:0;padding-top:0;padding-bottom:0\">Als Andrea als Gr\u00fcnderin\/CEO zum ersten Mal mit der Idee spielte, ihr eigenes Unternehmen zu gr\u00fcnden, sprang ihre Familie schnell an Bord und war \u00fcberzeugt, dass dies ein Unterfangen war, das es wert war, verfolgt zu werden. Wir wussten sofort, dass die Kombination unserer unterschiedlichen F\u00e4higkeiten und Erfahrungen uns einzigartig qualifizieren w\u00fcrde, um die Art von integrierten L\u00f6sungen anzubieten, die viele Kunden in Deutschland und den USA suchen. Was uns verbindet, ist unsere Leidenschaft, Menschen mit unterschiedlichem kulturellem Hintergrund zu helfen, eine positive und erfolgreiche Erfahrung zu machen, w\u00e4hrend sie ins Ausland ziehen, leben und arbeiten.<\/p>\n\n\n\n<p>Als deutsch-amerikanisches Familienunternehmen sind wir in beiden L\u00e4ndern tief verwurzelt und haben Pr\u00e4senzen in Bonn, Deutschland, und Washington, D.C., USA. Wir alle haben in anderen L\u00e4ndern gelebt und sind viel gereist. Wir verstehen sowohl die Bed\u00fcrfnisse der etablierten Expats als auch die der jungen digitalen Nomaden, die gerne auf der ganzen Welt arbeiten.<\/p>\n\n\n\n<div class=\"wp-block-group is-nowrap is-layout-flex wp-container-core-group-is-layout-8e1cf084 wp-block-group-is-layout-flex\" style=\"padding-top:0;padding-right:var(--wp--preset--spacing--20);padding-bottom:0;padding-left:var(--wp--preset--spacing--20)\">\n<hr class=\"wp-block-separator has-text-color has-custom-color-1-color has-alpha-channel-opacity has-custom-color-1-background-color has-background wp-container-content-c0740251\" style=\"margin-top:0;margin-bottom:0\"\/>\n\n\n\n<p class=\"has-custom-color-1-color has-text-color has-normal-font-size\" style=\"font-style:normal;font-weight:500;letter-spacing:3px;text-transform:uppercase\">Meet the Founders<\/p>\n<\/div>\n\n\n\n<div class=\"wp-block-columns is-layout-flex wp-container-core-columns-is-layout-28f84493 wp-block-columns-is-layout-flex\">\n<div class=\"wp-block-column is-layout-flow wp-block-column-is-layout-flow\">\n<div class=\"wp-block-columns is-layout-flex wp-container-core-columns-is-layout-28f84493 wp-block-columns-is-layout-flex\">\n<div class=\"wp-block-column is-layout-flow wp-block-column-is-layout-flow\" style=\"flex-basis:50%\">\n<div class=\"wp-block-group is-layout-constrained wp-container-core-group-is-layout-b4523777 wp-block-group-is-layout-constrained\" style=\"padding-top:0;padding-right:0;padding-bottom:0;padding-left:0\">\n<figure class=\"wp-block-image size-large bubble\"><img loading=\"lazy\" decoding=\"async\" width=\"1024\" height=\"1024\" src=\"https:\/\/exp.anythingexpat.com\/wp-content\/uploads\/2024\/05\/1-1024x1024.png\" alt=\"\" class=\"wp-image-835\" style=\"aspect-ratio:1;object-fit:contain\" srcset=\"https:\/\/exp.anythingexpat.com\/wp-content\/uploads\/2024\/05\/1-1024x1024.png 1024w, https:\/\/exp.anythingexpat.com\/wp-content\/uploads\/2024\/05\/1-300x300.png 300w, https:\/\/exp.anythingexpat.com\/wp-content\/uploads\/2024\/05\/1-150x150.png 150w, https:\/\/exp.anythingexpat.com\/wp-content\/uploads\/2024\/05\/1-768x768.png 768w, https:\/\/exp.anythingexpat.com\/wp-content\/uploads\/2024\/05\/1-12x12.png 12w, https:\/\/exp.anythingexpat.com\/wp-content\/uploads\/2024\/05\/1.png 1080w\" sizes=\"auto, (max-width: 1024px) 100vw, 1024px\" \/><\/figure>\n<\/div>\n<\/div>\n\n\n\n<div class=\"wp-block-column is-layout-flow wp-block-column-is-layout-flow\" style=\"flex-basis:50%\">\n<div class=\"wp-block-group bubble is-layout-constrained wp-block-group-is-layout-constrained\">\n<div class=\"wp-block-group is-vertical is-layout-flex wp-container-core-group-is-layout-fe9cc265 wp-block-group-is-layout-flex\">\n<p><strong>Andrea Lengel<\/strong><\/p>\n\n\n\n<p>Founder\/CEO<\/p>\n<\/div>\n<\/div>\n<\/div>\n<\/div>\n<\/div>\n\n\n\n<div class=\"wp-block-column is-layout-flow wp-block-column-is-layout-flow\">\n<div class=\"wp-block-columns is-layout-flex wp-container-core-columns-is-layout-28f84493 wp-block-columns-is-layout-flex\">\n<div class=\"wp-block-column is-layout-flow wp-block-column-is-layout-flow\" style=\"flex-basis:50%\">\n<div class=\"wp-block-group is-layout-constrained wp-container-core-group-is-layout-b4523777 wp-block-group-is-layout-constrained\" style=\"padding-top:0;padding-right:0;padding-bottom:0;padding-left:0\">\n<figure class=\"wp-block-image size-large\"><img loading=\"lazy\" decoding=\"async\" width=\"1024\" height=\"1024\" src=\"https:\/\/exp.anythingexpat.com\/wp-content\/uploads\/2024\/05\/Untitled-design-4-1024x1024.png\" alt=\"\" class=\"wp-image-843\" style=\"aspect-ratio:1;object-fit:contain\" srcset=\"https:\/\/exp.anythingexpat.com\/wp-content\/uploads\/2024\/05\/Untitled-design-4-1024x1024.png 1024w, https:\/\/exp.anythingexpat.com\/wp-content\/uploads\/2024\/05\/Untitled-design-4-300x300.png 300w, https:\/\/exp.anythingexpat.com\/wp-content\/uploads\/2024\/05\/Untitled-design-4-150x150.png 150w, https:\/\/exp.anythingexpat.com\/wp-content\/uploads\/2024\/05\/Untitled-design-4-768x768.png 768w, https:\/\/exp.anythingexpat.com\/wp-content\/uploads\/2024\/05\/Untitled-design-4-12x12.png 12w, https:\/\/exp.anythingexpat.com\/wp-content\/uploads\/2024\/05\/Untitled-design-4.png 1080w\" sizes=\"auto, (max-width: 1024px) 100vw, 1024px\" \/><\/figure>\n<\/div>\n<\/div>\n\n\n\n<div class=\"wp-block-column is-layout-flow wp-block-column-is-layout-flow\" style=\"flex-basis:50%\">\n<div class=\"wp-block-group bubble is-layout-constrained wp-block-group-is-layout-constrained\">\n<div class=\"wp-block-group is-vertical is-layout-flex wp-container-core-group-is-layout-fe9cc265 wp-block-group-is-layout-flex\">\n<p><strong>Emma Lengel<\/strong><\/p>\n\n\n\n<p>Co-Founder\/ Marketing<\/p>\n<\/div>\n<\/div>\n<\/div>\n<\/div>\n<\/div>\n<\/div>\n\n\n\n<div class=\"wp-block-columns is-layout-flex wp-container-core-columns-is-layout-28f84493 wp-block-columns-is-layout-flex\">\n<div class=\"wp-block-column is-layout-flow wp-block-column-is-layout-flow\">\n<div class=\"wp-block-columns is-layout-flex wp-container-core-columns-is-layout-28f84493 wp-block-columns-is-layout-flex\">\n<div class=\"wp-block-column is-layout-flow wp-block-column-is-layout-flow\" style=\"padding-top:0;padding-right:0;padding-bottom:0;padding-left:0\">\n<div class=\"wp-block-group is-layout-constrained wp-container-core-group-is-layout-6724f6d2 wp-block-group-is-layout-constrained\" style=\"margin-top:0;margin-bottom:0;padding-top:0;padding-right:0;padding-bottom:0;padding-left:0\">\n<figure class=\"wp-block-image size-large bubble\"><img loading=\"lazy\" decoding=\"async\" width=\"1024\" height=\"1024\" src=\"https:\/\/exp.anythingexpat.com\/wp-content\/uploads\/2024\/08\/2-1-1024x1024.png\" alt=\"\" class=\"wp-image-1156\" style=\"aspect-ratio:1;object-fit:contain\" srcset=\"https:\/\/exp.anythingexpat.com\/wp-content\/uploads\/2024\/08\/2-1-1024x1024.png 1024w, https:\/\/exp.anythingexpat.com\/wp-content\/uploads\/2024\/08\/2-1-300x300.png 300w, https:\/\/exp.anythingexpat.com\/wp-content\/uploads\/2024\/08\/2-1-150x150.png 150w, https:\/\/exp.anythingexpat.com\/wp-content\/uploads\/2024\/08\/2-1-768x768.png 768w, https:\/\/exp.anythingexpat.com\/wp-content\/uploads\/2024\/08\/2-1-12x12.png 12w, https:\/\/exp.anythingexpat.com\/wp-content\/uploads\/2024\/08\/2-1.png 1080w\" sizes=\"auto, (max-width: 1024px) 100vw, 1024px\" \/><\/figure>\n<\/div>\n<\/div>\n\n\n\n<div class=\"wp-block-column is-layout-flow wp-block-column-is-layout-flow\">\n<div class=\"wp-block-group bubble is-layout-constrained wp-block-group-is-layout-constrained\">\n<div class=\"wp-block-group is-vertical is-layout-flex wp-container-core-group-is-layout-fe9cc265 wp-block-group-is-layout-flex\">\n<p><strong>Scott Lengel<\/strong><\/p>\n\n\n\n<p>Co-Founder\/ Business Development<\/p>\n<\/div>\n<\/div>\n<\/div>\n<\/div>\n<\/div>\n\n\n\n<div class=\"wp-block-column is-layout-flow wp-block-column-is-layout-flow\">\n<div class=\"wp-block-columns is-layout-flex wp-container-core-columns-is-layout-28f84493 wp-block-columns-is-layout-flex\">\n<div class=\"wp-block-column is-layout-flow wp-block-column-is-layout-flow\" style=\"flex-basis:50%\">\n<div class=\"wp-block-group is-layout-constrained wp-container-core-group-is-layout-b4523777 wp-block-group-is-layout-constrained\" style=\"padding-top:0;padding-right:0;padding-bottom:0;padding-left:0\">\n<figure class=\"wp-block-image size-large\"><img loading=\"lazy\" decoding=\"async\" width=\"1024\" height=\"1024\" src=\"https:\/\/exp.anythingexpat.com\/wp-content\/uploads\/2024\/05\/Untitled-design-7-1024x1024.png\" alt=\"\" class=\"wp-image-882\" style=\"aspect-ratio:1;object-fit:contain\" srcset=\"https:\/\/exp.anythingexpat.com\/wp-content\/uploads\/2024\/05\/Untitled-design-7-1024x1024.png 1024w, https:\/\/exp.anythingexpat.com\/wp-content\/uploads\/2024\/05\/Untitled-design-7-300x300.png 300w, https:\/\/exp.anythingexpat.com\/wp-content\/uploads\/2024\/05\/Untitled-design-7-150x150.png 150w, https:\/\/exp.anythingexpat.com\/wp-content\/uploads\/2024\/05\/Untitled-design-7-768x768.png 768w, https:\/\/exp.anythingexpat.com\/wp-content\/uploads\/2024\/05\/Untitled-design-7-12x12.png 12w, https:\/\/exp.anythingexpat.com\/wp-content\/uploads\/2024\/05\/Untitled-design-7.png 1080w\" sizes=\"auto, (max-width: 1024px) 100vw, 1024px\" \/><\/figure>\n<\/div>\n<\/div>\n\n\n\n<div class=\"wp-block-column is-layout-flow wp-block-column-is-layout-flow\" style=\"flex-basis:50%\">\n<div class=\"wp-block-group bubble is-layout-constrained wp-block-group-is-layout-constrained\">\n<div class=\"wp-block-group is-vertical is-layout-flex wp-container-core-group-is-layout-fe9cc265 wp-block-group-is-layout-flex\">\n<p><strong>Josh Lengel<\/strong><\/p>\n\n\n\n<p>Co-Founder\/IT<\/p>\n<\/div>\n<\/div>\n<\/div>\n<\/div>\n<\/div>\n<\/div>\n\n\n\n<div class=\"wp-block-columns is-layout-flex wp-container-core-columns-is-layout-28f84493 wp-block-columns-is-layout-flex\">\n<div class=\"wp-block-column is-layout-flow wp-block-column-is-layout-flow\"><\/div>\n\n\n\n<div class=\"wp-block-column is-layout-flow wp-block-column-is-layout-flow\"><\/div>\n<\/div>\n\n\n\n<div class=\"wp-block-group is-nowrap is-layout-flex wp-container-core-group-is-layout-f483238e wp-block-group-is-layout-flex\" style=\"padding-top:var(--wp--preset--spacing--20);padding-right:var(--wp--preset--spacing--20);padding-bottom:var(--wp--preset--spacing--20);padding-left:var(--wp--preset--spacing--20)\">\n<hr class=\"wp-block-separator has-text-color has-custom-color-1-color has-alpha-channel-opacity has-custom-color-1-background-color has-background wp-container-content-c0740251\" style=\"margin-top:0;margin-bottom:0\"\/>\n\n\n\n<p class=\"has-custom-color-1-color has-text-color has-normal-font-size\" style=\"font-style:normal;font-weight:500;letter-spacing:3px;text-transform:uppercase\">Was wir bieten<\/p>\n<\/div>\n\n\n\n<p><\/p>\n\n\n\n<h2 class=\"wp-block-heading has-foreground-color has-text-color has-link-color has-medium-font-size wp-elements-24672891ab17bba3193920f1f532f5c7\" style=\"padding-top:0;padding-right:0;padding-bottom:0;padding-left:0\"><strong><strong><strong>Dienstleistungen f\u00fcr Expats<\/strong><\/strong><\/strong><\/h2>\n\n\n\n<p class=\"has-custom-color-4-color has-text-color has-link-color wp-elements-c76e98bcc40c98c2a841f46f70d42743\" style=\"margin-top:0;margin-bottom:0\">Unsere lokalen Dienstleistungen umfassen unter anderem Beratung in Visa-, Steuer- und Sozialversicherungsangelegenheiten. Mit Hilfe unseres Partnernetzwerks bieten wir L\u00f6sungen f\u00fcr Wohnungssuche, Schul- und Familienberatung, Sprachkurse und interkulturelles Training sowie Unterst\u00fctzung bei administrativen und sozialen Fragen. Sollten Sie mit gro\u00dfen lebensver\u00e4ndernden Ereignissen konfrontiert werden, z.B. bei Behinderung, schwerer Krankheit, Pflegebed\u00fcrftigkeit und Tod im famili\u00e4ren Umfeld, sind wir f\u00fcr Sie da und bieten Ihnen fachliche Beratung und praktische Unterst\u00fctzung.<\/p>\n\n\n\n<p><\/p>\n\n\n\n<h5 class=\"wp-block-heading has-foreground-color has-text-color has-link-color has-medium-font-size wp-elements-0e58da9f68972bc9845ed12bfb0c5b4f\" style=\"padding-top:0;padding-right:0;padding-bottom:0;padding-left:0\"><strong><strong>Beratungsl\u00f6sungen f\u00fcr Unternehmen<\/strong><\/strong><\/h5>\n\n\n\n<p class=\"has-custom-color-4-color has-text-color has-link-color wp-elements-9015f2d5cadba72e346127aa7191a429\" style=\"margin-top:0;margin-bottom:0\">Wir bieten umfassende Unterst\u00fctzung f\u00fcr global t\u00e4tige Unternehmen und Organisationen. Von der Begleitung globaler Organisationsver\u00e4nderungen, der Entwicklung von Richtlinien und Programmen, Beratung zu Compliance- und Verg\u00fctungsthemen bis zur vollumf\u00e4nglichen Umsorgung Ihrer internationalen Mitarbeiter bieten wir ma\u00dfgeschneiderte und zukunftsweisende L\u00f6sungen f\u00fcr Ihre spezifischen globalen Gesch\u00e4ftsanforderungen.<\/p>\n\n\n\n<p><\/p>\n\n\n\n<h2 class=\"wp-block-heading has-foreground-color has-text-color has-link-color has-medium-font-size wp-elements-f6db69c3ae0a99f7a8f621b2b3a7b8a6\" style=\"padding-top:0;padding-right:0;padding-bottom:0;padding-left:0\"><strong><strong><strong><strong>Beginnen Sie eine erfolgreiche globale Reise<\/strong><\/strong><\/strong><\/strong><\/h2>\n\n\n\n<p class=\"has-custom-color-4-color has-text-color has-link-color wp-elements-ce853cb8072b43b02bd5f27a403ba44f\" style=\"margin-top:0;margin-bottom:0\">Egal, ob Sie eine Person sind, die Beratung und Unterst\u00fctzung beim Wechsel in ein und aus einem fremden Land oder w\u00e4hrend eines Auslandsaufenthaltes sucht, ein Unternehmen, das weltweit expandiert, oder eine Organisation, die nach umfassenden globalen Mobilit\u00e4tsl\u00f6sungen sucht - wir sind hier, um Ihnen zu helfen. Gehen Sie eine Partnerschaft mit <strong>AnythingExpat <\/strong>ein und lassen Sie uns Ihnen helfen, die L\u00f6sungen zu finden, die f\u00fcr Sie geeignet sind.<\/p>\n\n\n\n<div style=\"height:80px\" aria-hidden=\"true\" class=\"wp-block-spacer\"><\/div>","protected":false},"excerpt":{"rendered":"<p>Our Story When Andrea as Founder\/ CEO first considered the idea of starting her own [&hellip;]<\/p>","protected":false},"author":3,"featured_media":0,"parent":0,"menu_order":0,"comment_status":"closed","ping_status":"closed","template":"","meta":{"footnotes":""},"class_list":["post-77","page","type-page","status-publish","hentry"],"_links":{"self":[{"href":"https:\/\/exp.anythingexpat.com\/de\/wp-json\/wp\/v2\/pages\/77","targetHints":{"allow":["GET"]}}],"collection":[{"href":"https:\/\/exp.anythingexpat.com\/de\/wp-json\/wp\/v2\/pages"}],"about":[{"href":"https:\/\/exp.anythingexpat.com\/de\/wp-json\/wp\/v2\/types\/page"}],"author":[{"embeddable":true,"href":"https:\/\/exp.anythingexpat.com\/de\/wp-json\/wp\/v2\/users\/3"}],"replies":[{"embeddable":true,"href":"https:\/\/exp.anythingexpat.com\/de\/wp-json\/wp\/v2\/comments?post=77"}],"version-history":[{"count":51,"href":"https:\/\/exp.anythingexpat.com\/de\/wp-json\/wp\/v2\/pages\/77\/revisions"}],"predecessor-version":[{"id":1165,"href":"https:\/\/exp.anythingexpat.com\/de\/wp-json\/wp\/v2\/pages\/77\/revisions\/1165"}],"wp:attachment":[{"href":"https:\/\/exp.anythingexpat.com\/de\/wp-json\/wp\/v2\/media?parent=77"}],"curies":[{"name":"wp","href":"https:\/\/api.w.org\/{rel}","templated":true}]}}