{"id":322,"date":"2024-02-26T16:52:29","date_gmt":"2024-02-26T15:52:29","guid":{"rendered":"https:\/\/exp.anythingexpat.com\/?page_id=322"},"modified":"2024-06-02T12:46:49","modified_gmt":"2024-06-02T11:46:49","slug":"about-andrea-lengel-ceo-and-founder","status":"publish","type":"page","link":"https:\/\/exp.anythingexpat.com\/de\/about-andrea-lengel-ceo-and-founder\/","title":{"rendered":"\u00dcber Andrea Lengel, CEO und Gr\u00fcnderin"},"content":{"rendered":"<p>Nachdem ich selbst schon des \u00f6fteren innerhalb und au\u00dferhalb Deutschlands umgezogen bin, zun\u00e4chst nach England, dann in die USA, wei\u00df ich wie wichtig ein gut funktionierendes lokales Netzwerk ist. Es dauert einfach Zeit bis man sich eingelebt hat und sprachlich so fit ist, dass man mit der B\u00fcrokratie klar kommt.<\/p>\n\n\n\n<p>Mit mehr als 25 Jahren Erfahrung in allen Belangen des globalen Mitarbeitereinsatzes und der grenz\u00fcberschreitenden Personalbetreuung, sowohl operativ als auch strategisch, in verschiedenen Branchen und Unternehmensformen kenne ich die Besonderheiten globaler Personalarbeit, die steuerrechtlichen T\u00fccken und die Bedeutung einer funktions\u00fcbergreifenden Koordination. Ich bin lizenziert als <strong>US-Steuerberaterin (CPA)<\/strong> , zertifiziert als Senior Certified Professional in Human Resources Management <strong>(SHRM-SCP) <\/strong>und ein ICF-ausgebildeter <strong>l\u00f6sungsorientierter Coach<\/strong> mit einer zus\u00e4tzlichen Spezialisierung auf <strong>Trauerbegleitung<\/strong>.<\/p>\n\n\n\n<p class=\"translation-block\">Ich habe F\u00fchrungskr\u00e4fte u.a. bei <strong>globalen Organisationsver\u00e4nderungen<\/strong>,  einschlie\u00dflich Aufbau von globalen\/regionalen Hubs und Betriebsst\u00e4tten, Rollendefinition, Talent Reviews und Kompetenzbewertungen, beraten und bei der <strong>Rekrutierung und Entsendung von internationalen Fach- und F\u00fchrungskr\u00e4ften<\/strong> begleitet.<\/p>\n\n\n\n<p class=\"translation-block\">Im Laufe meiner Karriere habe ich besondere Fachkenntnisse im <strong>grenz\u00fcberschreitenden Steuer-, Sozialversicherungs-, Arbeits- und Vertragsrecht <\/strong> sowie f\u00fcr <strong>internationale Verg\u00fctungsans\u00e4tze<\/strong> unter Ber\u00fccksichtigung von Unterschieden bei Steuern, Sozialversicherung, Wohn- und Lebenshaltungskosten entwickeln k\u00f6nnen.<\/p>\n\n\n\n<p>Aufgrund eigener pers\u00f6nlicher Verlusterfahrung verbunden mit fachlicher Qualifizierung im Bereich <strong>Coaching and Trauerbegleitung<\/strong> bin ich in der Lage Menschen selbst in emotional schwierigen Situationen, wie z.B. bei chronischer Krankheit oder Tod eines nahen Angeh\u00f6rigen, zu begleiten und zu unterst\u00fctzen.<\/p>\n\n\n\n<p>Sehen Sie mein LinkedIn Profile f\u00fcr weitere Informationen ein:<\/p>\n\n\n\n<ul class=\"wp-block-social-links has-normal-icon-size has-visible-labels is-style-logos-only is-layout-flex wp-block-social-links-is-layout-flex\" style=\"margin-top:var(--wp--preset--spacing--40);margin-bottom:var(--wp--preset--spacing--40)\"><li class=\"wp-social-link wp-social-link-linkedin  wp-block-social-link\"><a href=\"https:\/\/www.linkedin.com\/in\/andrea-lengel-shrm-scp-cpa-37b34015\" class=\"wp-block-social-link-anchor\"><svg width=\"24\" height=\"24\" viewbox=\"0 0 24 24\" version=\"1.1\" xmlns=\"http:\/\/www.w3.org\/2000\/svg\" aria-hidden=\"true\" focusable=\"false\"><path d=\"M19.7,3H4.3C3.582,3,3,3.582,3,4.3v15.4C3,20.418,3.582,21,4.3,21h15.4c0.718,0,1.3-0.582,1.3-1.3V4.3 C21,3.582,20.418,3,19.7,3z M8.339,18.338H5.667v-8.59h2.672V18.338z M7.004,8.574c-0.857,0-1.549-0.694-1.549-1.548 c0-0.855,0.691-1.548,1.549-1.548c0.854,0,1.547,0.694,1.547,1.548C8.551,7.881,7.858,8.574,7.004,8.574z M18.339,18.338h-2.669 v-4.177c0-0.996-0.017-2.278-1.387-2.278c-1.389,0-1.601,1.086-1.601,2.206v4.249h-2.667v-8.59h2.559v1.174h0.037 c0.356-0.675,1.227-1.387,2.526-1.387c2.703,0,3.203,1.779,3.203,4.092V18.338z\"><\/path><\/svg><span class=\"wp-block-social-link-label\">LinkedIn<\/span><\/a><\/li><\/ul>","protected":false},"excerpt":{"rendered":"<p>Having moved around a lot myself within Germany and internationally, first to England and then [&hellip;]<\/p>","protected":false},"author":3,"featured_media":0,"parent":0,"menu_order":0,"comment_status":"closed","ping_status":"closed","template":"","meta":{"footnotes":""},"class_list":["post-322","page","type-page","status-publish","hentry"],"_links":{"self":[{"href":"https:\/\/exp.anythingexpat.com\/de\/wp-json\/wp\/v2\/pages\/322","targetHints":{"allow":["GET"]}}],"collection":[{"href":"https:\/\/exp.anythingexpat.com\/de\/wp-json\/wp\/v2\/pages"}],"about":[{"href":"https:\/\/exp.anythingexpat.com\/de\/wp-json\/wp\/v2\/types\/page"}],"author":[{"embeddable":true,"href":"https:\/\/exp.anythingexpat.com\/de\/wp-json\/wp\/v2\/users\/3"}],"replies":[{"embeddable":true,"href":"https:\/\/exp.anythingexpat.com\/de\/wp-json\/wp\/v2\/comments?post=322"}],"version-history":[{"count":18,"href":"https:\/\/exp.anythingexpat.com\/de\/wp-json\/wp\/v2\/pages\/322\/revisions"}],"predecessor-version":[{"id":1054,"href":"https:\/\/exp.anythingexpat.com\/de\/wp-json\/wp\/v2\/pages\/322\/revisions\/1054"}],"wp:attachment":[{"href":"https:\/\/exp.anythingexpat.com\/de\/wp-json\/wp\/v2\/media?parent=322"}],"curies":[{"name":"wp","href":"https:\/\/api.w.org\/{rel}","templated":true}]}}