{"id":113,"date":"2024-02-17T01:41:58","date_gmt":"2024-02-17T00:41:58","guid":{"rendered":"https:\/\/exp.anythingexpat.com\/?page_id=113"},"modified":"2026-01-18T00:57:32","modified_gmt":"2026-01-17T23:57:32","slug":"for-individuals","status":"publish","type":"page","link":"https:\/\/exp.anythingexpat.com\/de\/for-individuals\/","title":{"rendered":"Globale Umz\u00fcge und lokale Unterst\u00fctzung &amp; Interessenvertretung vor Ort"},"content":{"rendered":"<figure class=\"wp-block-image size-large\"><img loading=\"lazy\" decoding=\"async\" width=\"1024\" height=\"576\" src=\"https:\/\/exp.anythingexpat.com\/wp-content\/uploads\/2024\/06\/primary-without-title.jpeg\" alt=\"\" class=\"wp-image-917\" srcset=\"https:\/\/exp.anythingexpat.com\/wp-content\/uploads\/2024\/06\/primary-without-title.jpeg 1600w, https:\/\/exp.anythingexpat.com\/wp-content\/uploads\/2024\/06\/primary-without-title-300x169.jpeg 300w, https:\/\/exp.anythingexpat.com\/wp-content\/uploads\/2024\/06\/primary-without-title-1024x576.jpeg 1024w, https:\/\/exp.anythingexpat.com\/wp-content\/uploads\/2024\/06\/primary-without-title-768x432.jpeg 768w, https:\/\/exp.anythingexpat.com\/wp-content\/uploads\/2024\/06\/primary-without-title-1536x864.jpeg 1536w, https:\/\/exp.anythingexpat.com\/wp-content\/uploads\/2024\/06\/primary-without-title-18x10.jpeg 18w\" sizes=\"auto, (max-width: 1024px) 100vw, 1024px\" \/><\/figure>\n\n\n\n<div class=\"wp-block-group is-nowrap is-layout-flex wp-container-core-group-is-layout-f1dc7192 wp-block-group-is-layout-flex\" style=\"padding-top:var(--wp--preset--spacing--30);padding-right:0;padding-bottom:var(--wp--preset--spacing--30);padding-left:0\">\n<hr class=\"wp-block-separator has-text-color has-custom-color-1-color has-alpha-channel-opacity has-custom-color-1-background-color has-background wp-container-content-c0740251\" style=\"margin-top:0;margin-bottom:0\"\/>\n\n\n\n<p class=\"has-custom-color-1-color has-text-color has-normal-font-size\" style=\"font-style:normal;font-weight:500;letter-spacing:3px;text-transform:uppercase\">Beratung zu Vertragsangeboten<\/p>\n<\/div>\n\n\n\n<div class=\"wp-block-columns has-custom-color-3-background-color has-background is-layout-flex wp-container-core-columns-is-layout-f0342b05 wp-block-columns-is-layout-flex\" style=\"margin-top:0;margin-bottom:0\">\n<div class=\"wp-block-column is-layout-flow wp-block-column-is-layout-flow\" style=\"flex-basis:29%\">\n<div class=\"wp-block-group bubble is-layout-constrained wp-container-core-group-is-layout-b4523777 wp-block-group-is-layout-constrained\" style=\"padding-top:0;padding-right:0;padding-bottom:0;padding-left:0\">\n<figure class=\"wp-block-image size-large\" style=\"margin-top:0;margin-right:0;margin-bottom:0;margin-left:0\"><img loading=\"lazy\" decoding=\"async\" width=\"1080\" height=\"1080\" src=\"https:\/\/exp.anythingexpat.com\/wp-content\/uploads\/2026\/01\/4-1024x1024.png\" alt=\"\" class=\"wp-image-1213\" srcset=\"https:\/\/exp.anythingexpat.com\/wp-content\/uploads\/2026\/01\/4-1024x1024.png 1024w, https:\/\/exp.anythingexpat.com\/wp-content\/uploads\/2026\/01\/4-300x300.png 300w, https:\/\/exp.anythingexpat.com\/wp-content\/uploads\/2026\/01\/4-150x150.png 150w, https:\/\/exp.anythingexpat.com\/wp-content\/uploads\/2026\/01\/4-768x768.png 768w, https:\/\/exp.anythingexpat.com\/wp-content\/uploads\/2026\/01\/4-12x12.png 12w, https:\/\/exp.anythingexpat.com\/wp-content\/uploads\/2026\/01\/4.png 1080w\" sizes=\"auto, (max-width: 1080px) 100vw, 1080px\" \/><\/figure>\n<\/div>\n<\/div>\n\n\n\n<div class=\"wp-block-column is-vertically-aligned-center is-layout-flow wp-block-column-is-layout-flow\" style=\"flex-basis:71%\">\n<ul style=\"padding-right:var(--wp--preset--spacing--60);padding-left:var(--wp--preset--spacing--60)\" class=\"wp-block-list\">\n<li style=\"line-height:1.5\">Pr\u00fcfung von Gehaltsangeboten und Beratung zu Gestaltung und Verhandlung von Vertragskonditionen unter Ber\u00fccksichtigung von Unterschieden bei:\n<ul class=\"wp-block-list\">\n<li style=\"line-height:1.5\">Lebenshaltungskosten<\/li>\n\n\n\n<li style=\"line-height:1.5\">Wohnkosten<\/li>\n\n\n\n<li class=\"has-custom-color-3-background-color has-background\" style=\"line-height:1.5\">Steuern und Sozialversicherung<\/li>\n\n\n\n<li style=\"line-height:1.5\">Nebenleistungen<\/li>\n<\/ul>\n<\/li>\n\n\n\n<li style=\"line-height:1.4\">Beratung zu arbeitsvertraglichen Regelungen<\/li>\n<\/ul>\n<\/div>\n<\/div>\n\n\n\n<div class=\"wp-block-group is-nowrap is-layout-flex wp-container-core-group-is-layout-f1dc7192 wp-block-group-is-layout-flex\" style=\"padding-top:var(--wp--preset--spacing--30);padding-right:0;padding-bottom:var(--wp--preset--spacing--30);padding-left:0\">\n<hr class=\"wp-block-separator has-text-color has-custom-color-1-color has-alpha-channel-opacity has-custom-color-1-background-color has-background wp-container-content-c0740251\" style=\"margin-top:0;margin-bottom:0\"\/>\n\n\n\n<p class=\"has-custom-color-1-color has-text-color has-normal-font-size\" style=\"font-style:normal;font-weight:500;letter-spacing:3px;text-transform:uppercase\">Umzugsvorbereitung und Umzug<\/p>\n<\/div>\n\n\n\n<div class=\"wp-block-columns has-custom-color-3-background-color has-background is-layout-flex wp-container-core-columns-is-layout-f0342b05 wp-block-columns-is-layout-flex\" style=\"margin-top:0;margin-bottom:0\">\n<div class=\"wp-block-column is-vertically-aligned-center is-layout-flow wp-block-column-is-layout-flow\" style=\"flex-basis:29%\">\n<div class=\"wp-block-group bubble is-layout-constrained wp-container-core-group-is-layout-598d9c20 wp-block-group-is-layout-constrained\" style=\"margin-top:0;margin-bottom:0;padding-top:0;padding-right:0;padding-bottom:0;padding-left:0\">\n<figure class=\"wp-block-image aligncenter size-large\"><img loading=\"lazy\" decoding=\"async\" width=\"1024\" height=\"1024\" src=\"http:\/\/exp.anythingexpat.com\/wp-content\/uploads\/2026\/01\/5-1024x1024.png\" alt=\"\" class=\"wp-image-1214\" srcset=\"https:\/\/exp.anythingexpat.com\/wp-content\/uploads\/2026\/01\/5-1024x1024.png 1024w, https:\/\/exp.anythingexpat.com\/wp-content\/uploads\/2026\/01\/5-300x300.png 300w, https:\/\/exp.anythingexpat.com\/wp-content\/uploads\/2026\/01\/5-150x150.png 150w, https:\/\/exp.anythingexpat.com\/wp-content\/uploads\/2026\/01\/5-768x768.png 768w, https:\/\/exp.anythingexpat.com\/wp-content\/uploads\/2026\/01\/5-12x12.png 12w, https:\/\/exp.anythingexpat.com\/wp-content\/uploads\/2026\/01\/5.png 1080w\" sizes=\"auto, (max-width: 1024px) 100vw, 1024px\" \/><\/figure>\n<\/div>\n<\/div>\n\n\n\n<div class=\"wp-block-column is-vertically-aligned-center is-layout-flow wp-block-column-is-layout-flow\" style=\"flex-basis:71%\">\n<ul style=\"margin-top:0;margin-bottom:0;padding-top:0;padding-right:var(--wp--preset--spacing--60);padding-bottom:0;padding-left:var(--wp--preset--spacing--60)\" class=\"wp-block-list has-custom-color-4-color has-text-color has-link-color wp-elements-3ac274b06626148b4bdadc6db71a39b3\">\n<li style=\"line-height:1.4\">Koordinierung mit unseren Servicepartnern im Hinblick auf:\n<ul class=\"wp-block-list\">\n<li style=\"line-height:1.5\">Aufenthalts- und Arbeitserlaubnis<\/li>\n\n\n\n<li style=\"line-height:1.5\">Wohnungssuche<\/li>\n\n\n\n<li style=\"line-height:1.5\">Sprachtraining<\/li>\n\n\n\n<li style=\"line-height:1.5\">Soziale Eingew\u00f6hnung und administrative Unterst\u00fctzung<\/li>\n<\/ul>\n<\/li>\n\n\n\n<li style=\"line-height:1.4\">Schulbildung<\/li>\n\n\n\n<li style=\"line-height:1.4\">Gesundheit und Soziales<\/li>\n\n\n\n<li style=\"line-height:1.4\">Versicherungen<\/li>\n<\/ul>\n<\/div>\n<\/div>\n\n\n\n<div class=\"wp-block-group is-nowrap is-layout-flex wp-container-core-group-is-layout-f1dc7192 wp-block-group-is-layout-flex\" style=\"padding-top:var(--wp--preset--spacing--30);padding-right:0;padding-bottom:var(--wp--preset--spacing--30);padding-left:0\">\n<hr class=\"wp-block-separator has-text-color has-custom-color-1-color has-alpha-channel-opacity has-custom-color-1-background-color has-background wp-container-content-c0740251\" style=\"margin-top:0;margin-bottom:0\"\/>\n\n\n\n<p class=\"has-custom-color-1-color has-text-color has-normal-font-size\" style=\"font-style:normal;font-weight:500;letter-spacing:3px;text-transform:uppercase\">Grenz\u00fcberschreitende steuerliche und soziale Compliance<\/p>\n<\/div>\n\n\n\n<div class=\"wp-block-columns has-custom-color-3-background-color has-background is-layout-flex wp-container-core-columns-is-layout-f0342b05 wp-block-columns-is-layout-flex\" style=\"margin-top:0;margin-bottom:0\">\n<div class=\"wp-block-column is-layout-flow wp-block-column-is-layout-flow\" style=\"flex-basis:29%\">\n<div class=\"wp-block-group bubble is-layout-constrained wp-container-core-group-is-layout-b70cbd1a wp-block-group-is-layout-constrained\" style=\"margin-top:0;margin-bottom:0;padding-top:0;padding-right:0;padding-bottom:0;padding-left:0\">\n<figure class=\"wp-block-image size-large\"><img loading=\"lazy\" decoding=\"async\" width=\"1024\" height=\"1024\" src=\"https:\/\/exp.anythingexpat.com\/wp-content\/uploads\/2026\/01\/6-1024x1024.png\" alt=\"\" class=\"wp-image-1215\" srcset=\"https:\/\/exp.anythingexpat.com\/wp-content\/uploads\/2026\/01\/6-1024x1024.png 1024w, https:\/\/exp.anythingexpat.com\/wp-content\/uploads\/2026\/01\/6-300x300.png 300w, https:\/\/exp.anythingexpat.com\/wp-content\/uploads\/2026\/01\/6-150x150.png 150w, https:\/\/exp.anythingexpat.com\/wp-content\/uploads\/2026\/01\/6-768x768.png 768w, https:\/\/exp.anythingexpat.com\/wp-content\/uploads\/2026\/01\/6-12x12.png 12w, https:\/\/exp.anythingexpat.com\/wp-content\/uploads\/2026\/01\/6.png 1080w\" sizes=\"auto, (max-width: 1024px) 100vw, 1024px\" \/><\/figure>\n<\/div>\n<\/div>\n\n\n\n<div class=\"wp-block-column is-vertically-aligned-center is-layout-flow wp-block-column-is-layout-flow\" style=\"padding-right:0;padding-left:0;flex-basis:71%\">\n<div class=\"wp-block-group bubble is-layout-constrained wp-container-core-group-is-layout-72190d31 wp-block-group-is-layout-constrained\" style=\"margin-top:0;margin-bottom:0;padding-top:0;padding-right:0;padding-bottom:0;padding-left:0\">\n<ul style=\"padding-top:0;padding-right:var(--wp--preset--spacing--60);padding-bottom:0;padding-left:var(--wp--preset--spacing--60)\" class=\"wp-block-list has-custom-color-4-color has-text-color has-link-color wp-elements-dbfd58c2e4d768923b8d3745679cbc41\">\n<li style=\"line-height:1.5\">Expat Einkommenssteuerberatung unter Ber\u00fccksichtigung von internationalen Doppelbesteuerungsabkommen<\/li>\n\n\n\n<li style=\"line-height:1.5\">Beratung zu sozialversicherungsrechtlichen Fragen im Kontext internationaler Abkommen \u00fcber soziale Sicherheit und EU-Verordnungen<\/li>\n<\/ul>\n<\/div>\n<\/div>\n<\/div>\n\n\n\n<div class=\"wp-block-group is-nowrap is-layout-flex wp-container-core-group-is-layout-f1dc7192 wp-block-group-is-layout-flex\" style=\"padding-top:var(--wp--preset--spacing--30);padding-right:0;padding-bottom:var(--wp--preset--spacing--30);padding-left:0\">\n<hr class=\"wp-block-separator has-text-color has-custom-color-1-color has-alpha-channel-opacity has-custom-color-1-background-color has-background wp-container-content-c0740251\" style=\"margin-top:0;margin-bottom:0\"\/>\n\n\n\n<p class=\"has-custom-color-1-color has-text-color has-normal-font-size\" style=\"font-style:normal;font-weight:500;letter-spacing:3px;text-transform:uppercase\">Lokale Interessenvertretung und Unterst\u00fctzung<\/p>\n<\/div>\n\n\n\n<div class=\"wp-block-columns has-custom-color-3-background-color has-background is-layout-flex wp-container-core-columns-is-layout-f0342b05 wp-block-columns-is-layout-flex\" style=\"margin-top:0;margin-bottom:0\">\n<div class=\"wp-block-column is-vertically-aligned-center is-layout-flow wp-block-column-is-layout-flow\" style=\"flex-basis:29%\">\n<div class=\"wp-block-group bubble is-layout-constrained wp-container-core-group-is-layout-227f2c1a wp-block-group-is-layout-constrained\" style=\"padding-top:0;padding-right:0;padding-bottom:0;padding-left:0\">\n<figure class=\"wp-block-image size-large\"><img loading=\"lazy\" decoding=\"async\" width=\"1024\" height=\"1024\" src=\"https:\/\/exp.anythingexpat.com\/wp-content\/uploads\/2026\/01\/Untitled-design-3-1024x1024.png\" alt=\"\" class=\"wp-image-1216\" srcset=\"https:\/\/exp.anythingexpat.com\/wp-content\/uploads\/2026\/01\/Untitled-design-3-1024x1024.png 1024w, https:\/\/exp.anythingexpat.com\/wp-content\/uploads\/2026\/01\/Untitled-design-3-300x300.png 300w, https:\/\/exp.anythingexpat.com\/wp-content\/uploads\/2026\/01\/Untitled-design-3-150x150.png 150w, https:\/\/exp.anythingexpat.com\/wp-content\/uploads\/2026\/01\/Untitled-design-3-768x768.png 768w, https:\/\/exp.anythingexpat.com\/wp-content\/uploads\/2026\/01\/Untitled-design-3-12x12.png 12w, https:\/\/exp.anythingexpat.com\/wp-content\/uploads\/2026\/01\/Untitled-design-3.png 1080w\" sizes=\"auto, (max-width: 1024px) 100vw, 1024px\" \/><\/figure>\n<\/div>\n<\/div>\n\n\n\n<div class=\"wp-block-column is-layout-flow wp-block-column-is-layout-flow\" style=\"flex-basis:71%\">\n<ul style=\"padding-top:0;padding-right:var(--wp--preset--spacing--60);padding-bottom:0;padding-left:var(--wp--preset--spacing--60)\" class=\"wp-block-list has-custom-color-4-color has-text-color has-link-color wp-elements-b1e4cbc72c378e5e39b5b63e02b92bf4\">\n<li style=\"line-height:1.5\">Sozialversicherung (einschlie\u00dflich Antr\u00e4ge auf Leistungen und Beitragsr\u00fcckerstattung)<\/li>\n\n\n\n<li style=\"line-height:1.5\">Gesundheitsf\u00fcrsorge (u.a. Unterst\u00fctzung bei Arztterminen und -besuchen, Krankenhausaufenthalten, Leistungsantr\u00e4gen, Kurz- und Langzeitpflegeregelungen, Kommunikation mit Krankenkassen)<\/li>\n\n\n\n<li style=\"line-height:1.5\">Aufenthalts- und Arbeitserlaubnis <\/li>\n\n\n\n<li style=\"line-height:1.5\">Todesfall (einschlie\u00dflich Unterst\u00fctzung bei Bestattungs- und Nachsorgeregelungen im Zusammenspiel mit Bestattungsunternehmen, Kommunikation mit Konsulaten und anderen Beh\u00f6rden sowie Versicherungen)<\/li>\n\n\n\n<li style=\"line-height:1.5\">Schul- und Familienberatung (einschlie\u00dflich Kommunikation mit Schulen, Organisation von Familienservices und Nachhilfe)<\/li>\n<\/ul>\n<\/div>\n<\/div>\n\n\n\n<div class=\"wp-block-group is-nowrap is-layout-flex wp-container-core-group-is-layout-f1dc7192 wp-block-group-is-layout-flex\" style=\"padding-top:var(--wp--preset--spacing--30);padding-right:0;padding-bottom:var(--wp--preset--spacing--30);padding-left:0\">\n<hr class=\"wp-block-separator has-text-color has-custom-color-1-color has-alpha-channel-opacity has-custom-color-1-background-color has-background wp-container-content-c0740251\" style=\"margin-top:0;margin-bottom:0\"\/>\n\n\n\n<p class=\"has-custom-color-1-color has-text-color has-normal-font-size\" style=\"font-style:normal;font-weight:500;letter-spacing:3px;text-transform:uppercase\">Coaching<\/p>\n<\/div>\n\n\n\n<div class=\"wp-block-columns has-custom-color-3-background-color has-background is-layout-flex wp-container-core-columns-is-layout-f0342b05 wp-block-columns-is-layout-flex\" style=\"margin-top:0;margin-bottom:0\">\n<div class=\"wp-block-column is-layout-flow wp-block-column-is-layout-flow\" style=\"flex-basis:29%\">\n<div class=\"wp-block-group bubble is-layout-constrained wp-container-core-group-is-layout-b4523777 wp-block-group-is-layout-constrained\" style=\"padding-top:0;padding-right:0;padding-bottom:0;padding-left:0\">\n<figure class=\"wp-block-image size-large\"><img loading=\"lazy\" decoding=\"async\" width=\"1024\" height=\"1024\" src=\"https:\/\/exp.anythingexpat.com\/wp-content\/uploads\/2026\/01\/7-1024x1024.png\" alt=\"\" class=\"wp-image-1217\" srcset=\"https:\/\/exp.anythingexpat.com\/wp-content\/uploads\/2026\/01\/7-1024x1024.png 1024w, https:\/\/exp.anythingexpat.com\/wp-content\/uploads\/2026\/01\/7-300x300.png 300w, https:\/\/exp.anythingexpat.com\/wp-content\/uploads\/2026\/01\/7-150x150.png 150w, https:\/\/exp.anythingexpat.com\/wp-content\/uploads\/2026\/01\/7-768x768.png 768w, https:\/\/exp.anythingexpat.com\/wp-content\/uploads\/2026\/01\/7-12x12.png 12w, https:\/\/exp.anythingexpat.com\/wp-content\/uploads\/2026\/01\/7.png 1080w\" sizes=\"auto, (max-width: 1024px) 100vw, 1024px\" \/><\/figure>\n<\/div>\n<\/div>\n\n\n\n<div class=\"wp-block-column is-vertically-aligned-center is-layout-flow wp-block-column-is-layout-flow\" style=\"flex-basis:71%\">\n<div class=\"wp-block-group bubble is-content-justification-left is-layout-constrained wp-container-core-group-is-layout-09686e84 wp-block-group-is-layout-constrained\" style=\"padding-top:0;padding-right:0;padding-bottom:0;padding-left:0\">\n<ul style=\"padding-top:0;padding-right:var(--wp--preset--spacing--60);padding-bottom:0;padding-left:var(--wp--preset--spacing--60)\" class=\"wp-block-list\">\n<li style=\"line-height:1.5\">Interkulturelle Kompetenz<\/li>\n\n\n\n<li style=\"line-height:1.5\">Berufliche und pers\u00f6nliche Ver\u00e4nderungen<\/li>\n\n\n\n<li style=\"line-height:1.5\">Trauer und Verlust (siehe <a href=\"http:\/\/www.expatgrief.com\">ExpatGrief.com<\/a>)<\/li>\n<\/ul>\n<\/div>\n<\/div>\n<\/div>\n\n\n\n<div style=\"height:45px\" aria-hidden=\"true\" class=\"wp-block-spacer\"><\/div>","protected":false},"excerpt":{"rendered":"<p>Advice on Employment Offers Preparation and Relocation Cross-border tax and social security compliance Guidance, support [&hellip;]<\/p>","protected":false},"author":3,"featured_media":0,"parent":0,"menu_order":0,"comment_status":"closed","ping_status":"closed","template":"","meta":{"footnotes":""},"class_list":["post-113","page","type-page","status-publish","hentry"],"_links":{"self":[{"href":"https:\/\/exp.anythingexpat.com\/de\/wp-json\/wp\/v2\/pages\/113","targetHints":{"allow":["GET"]}}],"collection":[{"href":"https:\/\/exp.anythingexpat.com\/de\/wp-json\/wp\/v2\/pages"}],"about":[{"href":"https:\/\/exp.anythingexpat.com\/de\/wp-json\/wp\/v2\/types\/page"}],"author":[{"embeddable":true,"href":"https:\/\/exp.anythingexpat.com\/de\/wp-json\/wp\/v2\/users\/3"}],"replies":[{"embeddable":true,"href":"https:\/\/exp.anythingexpat.com\/de\/wp-json\/wp\/v2\/comments?post=113"}],"version-history":[{"count":46,"href":"https:\/\/exp.anythingexpat.com\/de\/wp-json\/wp\/v2\/pages\/113\/revisions"}],"predecessor-version":[{"id":1228,"href":"https:\/\/exp.anythingexpat.com\/de\/wp-json\/wp\/v2\/pages\/113\/revisions\/1228"}],"wp:attachment":[{"href":"https:\/\/exp.anythingexpat.com\/de\/wp-json\/wp\/v2\/media?parent=113"}],"curies":[{"name":"wp","href":"https:\/\/api.w.org\/{rel}","templated":true}]}}